{"id":46,"date":"2023-07-27T13:21:19","date_gmt":"2023-07-27T13:21:19","guid":{"rendered":"https:\/\/solutionsmbg.com\/?page_id=46"},"modified":"2025-02-11T19:01:41","modified_gmt":"2025-02-11T19:01:41","slug":"contact","status":"publish","type":"page","link":"https:\/\/solutionsmbg.com\/en\/contact\/","title":{"rendered":"Contact"},"content":{"rendered":"<div id=\"div_block-2-46\" class=\"ct-div-block\" ><section id=\"section-3-46\" class=\"ct-section\" ><div class=\"ct-section-inner-wrap\"><div id=\"div_block-4-46\" class=\"ct-div-block ss-wrapper\" ><div id=\"div_block-5-46\" class=\"ct-div-block ss-ctn\" ><h2 id=\"headline-21-46\" class=\"ct-headline\">Nous visiter<\/h2><div id=\"div_block-33-46\" class=\"ct-div-block\" ><div id=\"div_block-22-46\" class=\"ct-div-block\" ><div id=\"text_block-23-46\" class=\"ct-text-block\" >Solutions MBG<br>1485, rue Provinciale<br>Qu\u00e9bec (Qu\u00e9bec)<br>G1N 4A4<\/div><a id=\"div_block-43-46\" class=\"ct-link arrow-btn\" href=\"https:\/\/www.google.com\/maps\/place\/Solutions+MBG\/@46.8094596,-71.2538006,17z\/data=!4m14!1m7!3m6!1s0x4cb8965c3f5e5d09:0xe719ea8bf01b42f8!2sSolutions+MBG!8m2!3d46.809456!4d-71.2512257!16s%2Fg%2F11cn5sj02h!3m5!1s0x4cb8965c3f5e5d09:0xe719ea8bf01b42f8!8m2!3d46.809456!4d-71.2512257!16s%2Fg%2F11cn5sj02h?entry=ttu\" target=\"_blank\"  ><div id=\"code_block-44-46\" class=\"ct-code-block\" ><svg xmlns=\"http:\/\/www.w3.org\/2000\/svg\" width=\"17\" height=\"14\" viewbox=\"0 0 17 14\" fill=\"none\">\n  <g clip-path=\"url(#clip0_1329_236)\">\n    <path d=\"M9.45376 0.800899C9.66396 0.583603 9.94901 0.461533 10.2462 0.461533C10.5434 0.461533 10.8285 0.583603 11.0387 0.800899L16.0826 6.01681C16.2928 6.23417 16.4108 6.52894 16.4108 6.83628C16.4108 7.14363 16.2928 7.4384 16.0826 7.65576L11.0387 12.8717C10.8273 13.0828 10.5441 13.1996 10.2503 13.197C9.95637 13.1944 9.67523 13.0725 9.46741 12.8576C9.25959 12.6426 9.14171 12.3519 9.13916 12.048C9.13661 11.7441 9.24958 11.4513 9.45376 11.2327L12.488 7.99538H1.83963C1.54235 7.99538 1.25725 7.87326 1.04705 7.65589C0.836842 7.43851 0.71875 7.14369 0.71875 6.83628C0.71875 6.52887 0.836842 6.23406 1.04705 6.01668C1.25725 5.79931 1.54235 5.67719 1.83963 5.67719H12.488L9.45376 2.43985C9.24363 2.22249 9.12558 1.92773 9.12558 1.62038C9.12558 1.31303 9.24363 1.01826 9.45376 0.800899Z\" fill=\"#141623\"\/>\n  <\/g>\n  <defs>\n    <clippath id=\"clip0_1329_236\">\n      <rect width=\"15.6923\" height=\"12.75\" fill=\"white\" transform=\"translate(0.71875 0.461533)\"\/>\n    <\/clippath>\n  <\/defs>\n<\/svg><\/div><\/a><\/div><div id=\"div_block-29-46\" class=\"ct-div-block\" ><div id=\"text_block-30-46\" class=\"ct-text-block\" >418 623-7717<\/div><a id=\"div_block-31-46\" class=\"ct-link arrow-btn\" href=\"tel:418 623-7717\"   ><div id=\"code_block-32-46\" class=\"ct-code-block\" ><svg xmlns=\"http:\/\/www.w3.org\/2000\/svg\" width=\"17\" height=\"14\" viewbox=\"0 0 17 14\" fill=\"none\">\n  <g clip-path=\"url(#clip0_1329_236)\">\n    <path d=\"M9.45376 0.800899C9.66396 0.583603 9.94901 0.461533 10.2462 0.461533C10.5434 0.461533 10.8285 0.583603 11.0387 0.800899L16.0826 6.01681C16.2928 6.23417 16.4108 6.52894 16.4108 6.83628C16.4108 7.14363 16.2928 7.4384 16.0826 7.65576L11.0387 12.8717C10.8273 13.0828 10.5441 13.1996 10.2503 13.197C9.95637 13.1944 9.67523 13.0725 9.46741 12.8576C9.25959 12.6426 9.14171 12.3519 9.13916 12.048C9.13661 11.7441 9.24958 11.4513 9.45376 11.2327L12.488 7.99538H1.83963C1.54235 7.99538 1.25725 7.87326 1.04705 7.65589C0.836842 7.43851 0.71875 7.14369 0.71875 6.83628C0.71875 6.52887 0.836842 6.23406 1.04705 6.01668C1.25725 5.79931 1.54235 5.67719 1.83963 5.67719H12.488L9.45376 2.43985C9.24363 2.22249 9.12558 1.92773 9.12558 1.62038C9.12558 1.31303 9.24363 1.01826 9.45376 0.800899Z\" fill=\"#141623\"\/>\n  <\/g>\n  <defs>\n    <clippath id=\"clip0_1329_236\">\n      <rect width=\"15.6923\" height=\"12.75\" fill=\"white\" transform=\"translate(0.71875 0.461533)\"\/>\n    <\/clippath>\n  <\/defs>\n<\/svg><\/div><\/a><\/div><\/div><div id=\"div_block-46-46\" class=\"ct-div-block\" ><div id=\"_dynamic_list-51-46\" class=\"oxy-dynamic-list\"><div id=\"div_block-52-46-1\" class=\"ct-div-block\" data-id=\"div_block-52-46\"><div id=\"text_block-61-46-1\" class=\"ct-text-block\" data-id=\"text_block-61-46\"><span id=\"span-69-46\" class=\"ct-span\" >Informations g\u00e9n\u00e9rales<\/span><\/div><a id=\"text_block-77-46-1\" class=\"ct-link-text\" href=\"mailto:info@solutionsmbg.com\" target=\"_self\" data-id=\"text_block-77-46\"><span id=\"span-86-46\" class=\"ct-span\" >info@solutionsmbg.com<\/span><\/a><\/div><div id=\"div_block-52-46-2\" class=\"ct-div-block\" data-id=\"div_block-52-46\"><div id=\"text_block-61-46-2\" class=\"ct-text-block\" data-id=\"text_block-61-46\"><span id=\"span-69-46\" class=\"ct-span\" >D\u00e9neigement<\/span><\/div><a id=\"text_block-77-46-2\" class=\"ct-link-text\" href=\"mailto:deneigement@solutionsmbg.com\" target=\"_self\" data-id=\"text_block-77-46\"><span id=\"span-86-46\" class=\"ct-span\" >deneigement@solutionsmbg.com<\/span><\/a><\/div><div id=\"div_block-52-46-3\" class=\"ct-div-block\" data-id=\"div_block-52-46\"><div id=\"text_block-61-46-3\" class=\"ct-text-block\" data-id=\"text_block-61-46\"><span id=\"span-69-46\" class=\"ct-span\" >Entretien estival<\/span><\/div><a id=\"text_block-77-46-3\" class=\"ct-link-text\" href=\"mailto:entretienestival@solutionsmbg.com\" target=\"_self\" data-id=\"text_block-77-46\"><span id=\"span-86-46\" class=\"ct-span\" >entretienestival@solutionsmbg.com<\/span><\/a><\/div><div id=\"div_block-52-46-4\" class=\"ct-div-block\" data-id=\"div_block-52-46\"><div id=\"text_block-61-46-4\" class=\"ct-text-block\" data-id=\"text_block-61-46\"><span id=\"span-69-46\" class=\"ct-span\" >Ressources humaines<\/span><\/div><a id=\"text_block-77-46-4\" class=\"ct-link-text\" href=\"mailto:rh@solutionsmbg.com\" target=\"_self\" data-id=\"text_block-77-46\"><span id=\"span-86-46\" class=\"ct-span\" >rh@solutionsmbg.com<\/span><\/a><\/div><div id=\"div_block-52-46-5\" class=\"ct-div-block\" data-id=\"div_block-52-46\"><div id=\"text_block-61-46-5\" class=\"ct-text-block\" data-id=\"text_block-61-46\"><span id=\"span-69-46\" class=\"ct-span\" >Comptes payables<\/span><\/div><a id=\"text_block-77-46-5\" class=\"ct-link-text\" href=\"mailto:comptespayables@solutionsmbg.com\" target=\"_self\" data-id=\"text_block-77-46\"><span id=\"span-86-46\" class=\"ct-span\" >comptespayables@solutionsmbg.com<\/span><\/a><\/div><div id=\"div_block-52-46-6\" class=\"ct-div-block\" data-id=\"div_block-52-46\"><div id=\"text_block-61-46-6\" class=\"ct-text-block\" data-id=\"text_block-61-46\"><span id=\"span-69-46\" class=\"ct-span\" >Comptes recevables<\/span><\/div><a id=\"text_block-77-46-6\" class=\"ct-link-text\" href=\"mailto:comptesrecevables@solutionsmbg.com\" target=\"_self\" data-id=\"text_block-77-46\"><span id=\"span-86-46\" class=\"ct-span\" >comptesrecevables@solutionsmbg.com<\/span><\/a><\/div><\/div>\n<\/div><h4 id=\"headline-35-46\" class=\"ct-headline\">Heures d\u2019ouverture<\/h4><div id=\"div_block-37-46\" class=\"ct-div-block\" ><div id=\"text_block-36-46\" class=\"ct-text-block\" >Lundi<br>Mardi<br>Mercredi<br>Jeudi<br>Vendredi<br>Samedi<br>Dimanche<\/div><div id=\"text_block-38-46\" class=\"ct-text-block\" >7h30 \u00e0 17h00<br>7h30 \u00e0 17h00<br>7h30 \u00e0 17h00<br>7h30 \u00e0 17h00<br>7h30 \u00e0 17h00<br>Ferm\u00e9<br>Ferm\u00e9<\/div><\/div><\/div><div id=\"div_block-18-46\" class=\"ct-div-block ss-ctn\" ><h2 id=\"headline-19-46\" class=\"ct-headline\">Nous \u00e9crire<\/h2>\n\t\t<div id=\"-ou_gf_styler-20-46\" class=\"oxy-ou-gf-styler  oxy-ultimate-element\" ><script type=\"text\/javascript\">\n\/* <![CDATA[ *\/\nvar gform;gform||(document.addEventListener(\"gform_main_scripts_loaded\",function(){gform.scriptsLoaded=!0}),document.addEventListener(\"gform\/theme\/scripts_loaded\",function(){gform.themeScriptsLoaded=!0}),window.addEventListener(\"DOMContentLoaded\",function(){gform.domLoaded=!0}),gform={domLoaded:!1,scriptsLoaded:!1,themeScriptsLoaded:!1,isFormEditor:()=>\"function\"==typeof InitializeEditor,callIfLoaded:function(o){return!(!gform.domLoaded||!gform.scriptsLoaded||!gform.themeScriptsLoaded&&!gform.isFormEditor()||(gform.isFormEditor()&&console.warn(\"The use of gform.initializeOnLoaded() is deprecated in the form editor context and will be removed in Gravity Forms 3.1.\"),o(),0))},initializeOnLoaded:function(o){gform.callIfLoaded(o)||(document.addEventListener(\"gform_main_scripts_loaded\",()=>{gform.scriptsLoaded=!0,gform.callIfLoaded(o)}),document.addEventListener(\"gform\/theme\/scripts_loaded\",()=>{gform.themeScriptsLoaded=!0,gform.callIfLoaded(o)}),window.addEventListener(\"DOMContentLoaded\",()=>{gform.domLoaded=!0,gform.callIfLoaded(o)}))},hooks:{action:{},filter:{}},addAction:function(o,r,e,t){gform.addHook(\"action\",o,r,e,t)},addFilter:function(o,r,e,t){gform.addHook(\"filter\",o,r,e,t)},doAction:function(o){gform.doHook(\"action\",o,arguments)},applyFilters:function(o){return gform.doHook(\"filter\",o,arguments)},removeAction:function(o,r){gform.removeHook(\"action\",o,r)},removeFilter:function(o,r,e){gform.removeHook(\"filter\",o,r,e)},addHook:function(o,r,e,t,n){null==gform.hooks[o][r]&&(gform.hooks[o][r]=[]);var d=gform.hooks[o][r];null==n&&(n=r+\"_\"+d.length),gform.hooks[o][r].push({tag:n,callable:e,priority:t=null==t?10:t})},doHook:function(r,o,e){var t;if(e=Array.prototype.slice.call(e,1),null!=gform.hooks[r][o]&&((o=gform.hooks[r][o]).sort(function(o,r){return o.priority-r.priority}),o.forEach(function(o){\"function\"!=typeof(t=o.callable)&&(t=window[t]),\"action\"==r?t.apply(null,e):e[0]=t.apply(null,e)})),\"filter\"==r)return e[0]},removeHook:function(o,r,t,n){var e;null!=gform.hooks[o][r]&&(e=(e=gform.hooks[o][r]).filter(function(o,r,e){return!!(null!=n&&n!=o.tag||null!=t&&t!=o.priority)}),gform.hooks[o][r]=e)}});\n\/* ]]> *\/\n<\/script>\n\n                <div class='gf_browser_gecko gform_wrapper gravity-theme gform-theme--no-framework dark_wrapper' data-form-theme='gravity-theme' data-form-index='0' id='gform_wrapper_2' >\n                        <div class='gform_heading'>\n                            <p class='gform_description'><\/p>\n                        <\/div><form method='post' enctype='multipart\/form-data'  id='gform_2' class='dark' action='\/en\/wp-json\/wp\/v2\/pages\/46' data-formid='2' novalidate data-trp-original-action=\"\/en\/wp-json\/wp\/v2\/pages\/46\">\n                        <div class='gform-body gform_body'><div id='gform_fields_2' class='gform_fields top_label form_sublabel_below description_below validation_below'><div id=\"field_2_3\" class=\"gfield gfield--type-text gfield--input-type-text gfield--width-half field_sublabel_below gfield--no-description field_description_below field_validation_below gfield_visibility_visible\"  ><label class='gfield_label gform-field-label' for='input_2_3'>Pr\u00e9nom<\/label><div class='ginput_container ginput_container_text'><input name='input_3' id='input_2_3' type='text' value='' class='large'   tabindex='10'   aria-invalid=\"false\"   \/><\/div><\/div><div id=\"field_2_1\" class=\"gfield gfield--type-text gfield--input-type-text gfield--width-half field_sublabel_below gfield--no-description field_description_below field_validation_below gfield_visibility_visible\"  ><label class='gfield_label gform-field-label' for='input_2_1'>Nom<\/label><div class='ginput_container ginput_container_text'><input name='input_1' id='input_2_1' type='text' value='' class='large'   tabindex='11'   aria-invalid=\"false\"   \/><\/div><\/div><div id=\"field_2_4\" class=\"gfield gfield--type-phone gfield--input-type-phone field_sublabel_below gfield--no-description field_description_below field_validation_below gfield_visibility_visible\"  ><label class='gfield_label gform-field-label' for='input_2_4'>T\u00e9l\u00e9phone<\/label><div class='ginput_container ginput_container_phone'><input name='input_4' id='input_2_4' type='tel' value='' class='large' tabindex='12'   aria-invalid=\"false\"   \/><\/div><\/div><div id=\"field_2_5\" class=\"gfield gfield--type-email gfield--input-type-email field_sublabel_below gfield--no-description field_description_below field_validation_below gfield_visibility_visible\"  ><label class='gfield_label gform-field-label' for='input_2_5'>Courriel<\/label><div class='ginput_container ginput_container_email'>\n                            <input name='input_5' id='input_2_5' type='email' value='' class='large' tabindex='13'    aria-invalid=\"false\"  \/>\n                        <\/div><\/div><div id=\"field_2_6\" class=\"gfield gfield--type-textarea gfield--input-type-textarea field_sublabel_below gfield--no-description field_description_below field_validation_below gfield_visibility_visible\"  ><label class='gfield_label gform-field-label' for='input_2_6'>Message<\/label><div class='ginput_container ginput_container_textarea'><textarea name='input_6' id='input_2_6' class='textarea large' tabindex='14'     aria-invalid=\"false\"   rows='10' cols='50'><\/textarea><\/div><\/div><div id=\"field_2_7\" class=\"gfield gfield--type-captcha gfield--input-type-captcha gfield--width-full no-anims field_sublabel_below gfield--no-description field_description_below field_validation_below gfield_visibility_visible\"  ><label class='gfield_label gform-field-label' for='input_2_7'>CAPTCHA<\/label><div id='input_2_7' class='ginput_container ginput_recaptcha' data-sitekey='6LdUc2wpAAAAAMq_4jg9sNHxJ67P1x_gi7HA0pcP'  data-theme='light' data-tabindex='15'  data-badge=''><\/div><\/div><\/div><\/div>\n        <div class='gform-footer gform_footer top_label'> <input type='submit' id='gform_submit_button_2' class='gform_button button' onclick='gform.submission.handleButtonClick(this);' data-submission-type='submit' value='Envoyer' tabindex='16' \/> \n            <input type='hidden' class='gform_hidden' name='gform_submission_method' data-js='gform_submission_method_2' value='postback' \/>\n            <input type='hidden' class='gform_hidden' name='gform_theme' data-js='gform_theme_2' id='gform_theme_2' value='gravity-theme' \/>\n            <input type='hidden' class='gform_hidden' name='gform_style_settings' data-js='gform_style_settings_2' id='gform_style_settings_2' value='[]' \/>\n            <input type='hidden' class='gform_hidden' name='is_submit_2' value='1' \/>\n            <input type='hidden' class='gform_hidden' name='gform_submit' value='2' \/>\n            \n            <input type='hidden' class='gform_hidden' name='gform_currency' data-currency='CAD' value='3GB0EBLTL8aQu9xShJ12PVDuaTIDpZnWDDWKm3SxyNoL7nNVVYeV2OKEvqB53FbbI02GfBDU87s7HuA5T1st3MphtHxa8vr+k+GOxoumJmzLhAI=' \/>\n            <input type='hidden' class='gform_hidden' name='gform_unique_id' value='' \/>\n            <input type='hidden' class='gform_hidden' name='state_2' value='WyJbXSIsIjM1YjY5NWM5NjFlMzZhZjZhNzdjY2IzM2UxZmE3ODE5Il0=' \/>\n            <input type='hidden' autocomplete='off' class='gform_hidden' name='gform_target_page_number_2' id='gform_target_page_number_2' value='0' \/>\n            <input type='hidden' autocomplete='off' class='gform_hidden' name='gform_source_page_number_2' id='gform_source_page_number_2' value='1' \/>\n            <input type='hidden' name='gform_field_values' value='' \/>\n            \n        <\/div>\n                        <input type=\"hidden\" name=\"trp-form-language\" value=\"en\"\/><\/form>\n                        <\/div><script type=\"text\/javascript\">\n\/* <![CDATA[ *\/\n gform.initializeOnLoaded( function() {gformInitSpinner( 2, 'https:\/\/solutionsmbg.com\/wp-content\/plugins\/gravityforms\/images\/spinner.svg', true );jQuery('#gform_ajax_frame_2').on('load',function(){var contents = jQuery(this).contents().find('*').html();var is_postback = contents.indexOf('GF_AJAX_POSTBACK') >= 0;if(!is_postback){return;}var form_content = jQuery(this).contents().find('#gform_wrapper_2');var is_confirmation = jQuery(this).contents().find('#gform_confirmation_wrapper_2').length > 0;var is_redirect = contents.indexOf('gformRedirect(){') >= 0;var is_form = form_content.length > 0 && ! is_redirect && ! is_confirmation;var mt = parseInt(jQuery('html').css('margin-top'), 10) + parseInt(jQuery('body').css('margin-top'), 10) + 100;if(is_form){jQuery('#gform_wrapper_2').html(form_content.html());if(form_content.hasClass('gform_validation_error')){jQuery('#gform_wrapper_2').addClass('gform_validation_error');} else {jQuery('#gform_wrapper_2').removeClass('gform_validation_error');}setTimeout( function() { \/* delay the scroll by 50 milliseconds to fix a bug in chrome *\/  }, 50 );if(window['gformInitDatepicker']) {gformInitDatepicker();}if(window['gformInitPriceFields']) {gformInitPriceFields();}var current_page = jQuery('#gform_source_page_number_2').val();gformInitSpinner( 2, 'https:\/\/solutionsmbg.com\/wp-content\/plugins\/gravityforms\/images\/spinner.svg', true );jQuery(document).trigger('gform_page_loaded', [2, current_page]);window['gf_submitting_2'] = false;}else if(!is_redirect){var confirmation_content = jQuery(this).contents().find('.GF_AJAX_POSTBACK').html();if(!confirmation_content){confirmation_content = contents;}jQuery('#gform_wrapper_2').replaceWith(confirmation_content);jQuery(document).trigger('gform_confirmation_loaded', [2]);window['gf_submitting_2'] = false;wp.a11y.speak(jQuery('#gform_confirmation_message_2').text());}else{jQuery('#gform_2').append(contents);if(window['gformRedirect']) {gformRedirect();}}jQuery(document).trigger(\"gform_pre_post_render\", [{ formId: \"2\", currentPage: \"current_page\", abort: function() { this.preventDefault(); } }]);        if (event && event.defaultPrevented) {                return;        }        const gformWrapperDiv = document.getElementById( \"gform_wrapper_2\" );        if ( gformWrapperDiv ) {            const visibilitySpan = document.createElement( \"span\" );            visibilitySpan.id = \"gform_visibility_test_2\";            gformWrapperDiv.insertAdjacentElement( \"afterend\", visibilitySpan );        }        const visibilityTestDiv = document.getElementById( \"gform_visibility_test_2\" );        let postRenderFired = false;        function triggerPostRender() {            if ( postRenderFired ) {                return;            }            postRenderFired = true;            gform.core.triggerPostRenderEvents( 2, current_page );            if ( visibilityTestDiv ) {                visibilityTestDiv.parentNode.removeChild( visibilityTestDiv );            }        }        function debounce( func, wait, immediate ) {            var timeout;            return function() {                var context = this, args = arguments;                var later = function() {                    timeout = null;                    if ( !immediate ) func.apply( context, args );                };                var callNow = immediate && !timeout;                clearTimeout( timeout );                timeout = setTimeout( later, wait );                if ( callNow ) func.apply( context, args );            };        }        const debouncedTriggerPostRender = debounce( function() {            triggerPostRender();        }, 200 );        if ( visibilityTestDiv && visibilityTestDiv.offsetParent === null ) {            const observer = new MutationObserver( ( mutations ) => {                mutations.forEach( ( mutation ) => {                    if ( mutation.type === 'attributes' && visibilityTestDiv.offsetParent !== null ) {                        debouncedTriggerPostRender();                        observer.disconnect();                    }                });            });            observer.observe( document.body, {                attributes: true,                childList: false,                subtree: true,                attributeFilter: [ 'style', 'class' ],            });        } else {            triggerPostRender();        }    } );} ); \n\/* ]]> *\/\n<\/script>\n<\/div>\n\n\t\t<\/div><\/div><\/div><\/section><\/div><div id=\"code_block-45-46\" class=\"ct-code-block\" ><\/div>","protected":false},"excerpt":{"rendered":"","protected":false},"author":1,"featured_media":0,"parent":0,"menu_order":0,"comment_status":"closed","ping_status":"closed","template":"","meta":{"_acf_changed":false,"inline_featured_image":false,"footnotes":""},"class_list":["post-46","page","type-page","status-publish","hentry"],"acf":[],"yoast_head":"<!-- This site is optimized with the Yoast SEO plugin v22.0 - https:\/\/yoast.com\/wordpress\/plugins\/seo\/ -->\n<title>Contact - Solutions MBG<\/title>\n<meta name=\"robots\" content=\"index, follow, max-snippet:-1, max-image-preview:large, max-video-preview:-1\" \/>\n<link rel=\"canonical\" href=\"https:\/\/solutionsmbg.com\/en\/contact\/\" \/>\n<meta property=\"og:locale\" content=\"en_US\" \/>\n<meta property=\"og:type\" content=\"article\" \/>\n<meta property=\"og:title\" content=\"Contact - Solutions MBG\" \/>\n<meta property=\"og:url\" content=\"https:\/\/solutionsmbg.com\/en\/contact\/\" \/>\n<meta property=\"og:site_name\" content=\"Solutions MBG\" \/>\n<meta property=\"article:publisher\" content=\"https:\/\/www.facebook.com\/SolutionsMBG\/\" \/>\n<meta property=\"article:modified_time\" content=\"2025-02-11T19:01:41+00:00\" \/>\n<meta property=\"og:image\" content=\"https:\/\/solutionsmbg.com\/wp-content\/uploads\/2023\/08\/EntretienExterieur.jpg\" \/>\n\t<meta property=\"og:image:width\" content=\"2048\" \/>\n\t<meta property=\"og:image:height\" content=\"1365\" \/>\n\t<meta property=\"og:image:type\" content=\"image\/jpeg\" \/>\n<meta name=\"twitter:card\" content=\"summary_large_image\" \/>\n<meta name=\"twitter:label1\" content=\"Est. reading time\" \/>\n\t<meta name=\"twitter:data1\" content=\"1 minute\" \/>\n<script type=\"application\/ld+json\" class=\"yoast-schema-graph\">{\"@context\":\"https:\/\/schema.org\",\"@graph\":[{\"@type\":\"WebPage\",\"@id\":\"https:\/\/solutionsmbg.com\/contact\/\",\"url\":\"https:\/\/solutionsmbg.com\/contact\/\",\"name\":\"Contact - Solutions MBG\",\"isPartOf\":{\"@id\":\"https:\/\/solutionsmbg.com\/#website\"},\"datePublished\":\"2023-07-27T13:21:19+00:00\",\"dateModified\":\"2025-02-11T19:01:41+00:00\",\"breadcrumb\":{\"@id\":\"https:\/\/solutionsmbg.com\/contact\/#breadcrumb\"},\"inLanguage\":\"en-CA\",\"potentialAction\":[{\"@type\":\"ReadAction\",\"target\":[\"https:\/\/solutionsmbg.com\/contact\/\"]}]},{\"@type\":\"BreadcrumbList\",\"@id\":\"https:\/\/solutionsmbg.com\/contact\/#breadcrumb\",\"itemListElement\":[{\"@type\":\"ListItem\",\"position\":1,\"name\":\"Home\",\"item\":\"https:\/\/solutionsmbg.com\/\"},{\"@type\":\"ListItem\",\"position\":2,\"name\":\"Contact\"}]},{\"@type\":\"WebSite\",\"@id\":\"https:\/\/solutionsmbg.com\/#website\",\"url\":\"https:\/\/solutionsmbg.com\/\",\"name\":\"Solutions MBG\",\"description\":\"Solutions MBG, votre partenaire en nettoyage et entretien\",\"publisher\":{\"@id\":\"https:\/\/solutionsmbg.com\/#organization\"},\"potentialAction\":[{\"@type\":\"SearchAction\",\"target\":{\"@type\":\"EntryPoint\",\"urlTemplate\":\"https:\/\/solutionsmbg.com\/?s={search_term_string}\"},\"query-input\":\"required name=search_term_string\"}],\"inLanguage\":\"en-CA\"},{\"@type\":\"Organization\",\"@id\":\"https:\/\/solutionsmbg.com\/#organization\",\"name\":\"Solutions MBG\",\"url\":\"https:\/\/solutionsmbg.com\/\",\"logo\":{\"@type\":\"ImageObject\",\"inLanguage\":\"en-CA\",\"@id\":\"https:\/\/solutionsmbg.com\/#\/schema\/logo\/image\/\",\"url\":\"https:\/\/solutionsmbg.com\/wp-content\/uploads\/2023\/12\/favicon.png\",\"contentUrl\":\"https:\/\/solutionsmbg.com\/wp-content\/uploads\/2023\/12\/favicon.png\",\"width\":500,\"height\":500,\"caption\":\"Solutions MBG\"},\"image\":{\"@id\":\"https:\/\/solutionsmbg.com\/#\/schema\/logo\/image\/\"},\"sameAs\":[\"https:\/\/www.facebook.com\/SolutionsMBG\/\",\"https:\/\/www.instagram.com\/solutionsmbg\/\"]}]}<\/script>\n<!-- \/ Yoast SEO plugin. -->","yoast_head_json":{"title":"Contact - Solutions MBG","robots":{"index":"index","follow":"follow","max-snippet":"max-snippet:-1","max-image-preview":"max-image-preview:large","max-video-preview":"max-video-preview:-1"},"canonical":"https:\/\/solutionsmbg.com\/en\/contact\/","og_locale":"en_US","og_type":"article","og_title":"Contact - Solutions MBG","og_url":"https:\/\/solutionsmbg.com\/en\/contact\/","og_site_name":"Solutions MBG","article_publisher":"https:\/\/www.facebook.com\/SolutionsMBG\/","article_modified_time":"2025-02-11T19:01:41+00:00","og_image":[{"width":2048,"height":1365,"url":"https:\/\/solutionsmbg.com\/wp-content\/uploads\/2023\/08\/EntretienExterieur.jpg","type":"image\/jpeg"}],"twitter_card":"summary_large_image","twitter_misc":{"Est. reading time":"1 minute"},"schema":{"@context":"https:\/\/schema.org","@graph":[{"@type":"WebPage","@id":"https:\/\/solutionsmbg.com\/contact\/","url":"https:\/\/solutionsmbg.com\/contact\/","name":"Contact - Solutions MBG","isPartOf":{"@id":"https:\/\/solutionsmbg.com\/#website"},"datePublished":"2023-07-27T13:21:19+00:00","dateModified":"2025-02-11T19:01:41+00:00","breadcrumb":{"@id":"https:\/\/solutionsmbg.com\/contact\/#breadcrumb"},"inLanguage":"en-CA","potentialAction":[{"@type":"ReadAction","target":["https:\/\/solutionsmbg.com\/contact\/"]}]},{"@type":"BreadcrumbList","@id":"https:\/\/solutionsmbg.com\/contact\/#breadcrumb","itemListElement":[{"@type":"ListItem","position":1,"name":"Home","item":"https:\/\/solutionsmbg.com\/"},{"@type":"ListItem","position":2,"name":"Contact"}]},{"@type":"WebSite","@id":"https:\/\/solutionsmbg.com\/#website","url":"https:\/\/solutionsmbg.com\/","name":"Solutions MBG","description":"Solutions MBG, votre partenaire en nettoyage et entretien","publisher":{"@id":"https:\/\/solutionsmbg.com\/#organization"},"potentialAction":[{"@type":"SearchAction","target":{"@type":"EntryPoint","urlTemplate":"https:\/\/solutionsmbg.com\/?s={search_term_string}"},"query-input":"required name=search_term_string"}],"inLanguage":"en-CA"},{"@type":"Organization","@id":"https:\/\/solutionsmbg.com\/#organization","name":"Solutions MBG","url":"https:\/\/solutionsmbg.com\/","logo":{"@type":"ImageObject","inLanguage":"en-CA","@id":"https:\/\/solutionsmbg.com\/#\/schema\/logo\/image\/","url":"https:\/\/solutionsmbg.com\/wp-content\/uploads\/2023\/12\/favicon.png","contentUrl":"https:\/\/solutionsmbg.com\/wp-content\/uploads\/2023\/12\/favicon.png","width":500,"height":500,"caption":"Solutions MBG"},"image":{"@id":"https:\/\/solutionsmbg.com\/#\/schema\/logo\/image\/"},"sameAs":["https:\/\/www.facebook.com\/SolutionsMBG\/","https:\/\/www.instagram.com\/solutionsmbg\/"]}]}},"_links":{"self":[{"href":"https:\/\/solutionsmbg.com\/en\/wp-json\/wp\/v2\/pages\/46","targetHints":{"allow":["GET"]}}],"collection":[{"href":"https:\/\/solutionsmbg.com\/en\/wp-json\/wp\/v2\/pages"}],"about":[{"href":"https:\/\/solutionsmbg.com\/en\/wp-json\/wp\/v2\/types\/page"}],"author":[{"embeddable":true,"href":"https:\/\/solutionsmbg.com\/en\/wp-json\/wp\/v2\/users\/1"}],"replies":[{"embeddable":true,"href":"https:\/\/solutionsmbg.com\/en\/wp-json\/wp\/v2\/comments?post=46"}],"version-history":[{"count":5,"href":"https:\/\/solutionsmbg.com\/en\/wp-json\/wp\/v2\/pages\/46\/revisions"}],"predecessor-version":[{"id":830,"href":"https:\/\/solutionsmbg.com\/en\/wp-json\/wp\/v2\/pages\/46\/revisions\/830"}],"wp:attachment":[{"href":"https:\/\/solutionsmbg.com\/en\/wp-json\/wp\/v2\/media?parent=46"}],"curies":[{"name":"wp","href":"https:\/\/api.w.org\/{rel}","templated":true}]}}