{"id":38,"date":"2023-07-27T13:20:40","date_gmt":"2023-07-27T13:20:40","guid":{"rendered":"https:\/\/solutionsmbg.com\/?page_id=38"},"modified":"2024-03-05T14:22:54","modified_gmt":"2024-03-05T14:22:54","slug":"accueil","status":"publish","type":"page","link":"https:\/\/solutionsmbg.com\/en\/","title":{"rendered":"Accueil"},"content":{"rendered":"<div id=\"div_block-68-38\" class=\"ct-div-block banner\" ><div id=\"code_block-502-38\" class=\"ct-code-block summer-video\" ><a href=\"https:\/\/www.youtube.com\/embed\/1WZKVcIWYUE\" target=\"_blank\" class=\"custom-link-ctn custom-link video\" style=\"z-index: 2; position: absolute; top: 0; left:0; right: 0; bottom:0;\"><\/a>\n<iframe id=\"video-bg\" class=\"custom-link video\" src=\"https:\/\/www.youtube.com\/embed\/1WZKVcIWYUE?feature=oembed&autoplay=1&playlist=1WZKVcIWYUE&wmode=opaque&loop=1&controls=0&mute=1&rel=0&modestbranding=1&rel=0&fs=0&showinfo=0\" title=\"2023 - Vid\u00e9o drone \u00e9t\u00e9\" frameborder=\"0\" allow=\"accelerometer; autoplay; clipboard-write; encrypted-media; gyroscope; picture-in-picture; web-share\" allowfullscreen><\/iframe>\n\n<\/div><div id=\"div_block-69-38\" class=\"ct-div-block banner-text-ctn video\" ><div id=\"div_block-70-38\" class=\"ct-div-block banner-text\" ><h1 id=\"headline-71-38\" class=\"ct-headline h1-padding\">Solutions MBG,&nbsp;votre partenaire en&nbsp;nettoyage et entretien<\/h1><a id=\"link_button-72-38\" class=\"ct-link-button btn btn-white btn-lvl-1 btn-not-cap\" href=\"https:\/\/solutionsmbg.com\/en\/services\/\"   >Voir nos services<\/a><\/div><\/div><\/div><div id=\"div_block-108-38\" class=\"ct-div-block\" ><img decoding=\"async\"  id=\"logo-filigrane\" alt=\"\" src=\"https:\/\/solutionsmbg.com\/wp-content\/uploads\/2024\/01\/logo-services-1.svg\" class=\"ct-image\" srcset-disabled=\"\" sizes=\"(max-width: 1px) 100vw, 1px\" \/><section id=\"section-73-38\" class=\"ct-section text-offset-right\" ><div class=\"ct-section-inner-wrap\"><div id=\"div_block-74-38\" class=\"ct-div-block section-padding text-offset-right-ctn\" ><h3 id=\"headline-75-38\" class=\"ct-headline h2-padding text-offset-title\">Et si vous aviez un bras droit \u00e0 qui confier tous vos besoins en mati\u00e8re d\u2019entretien et de nettoyage sp\u00e9cialis\u00e9? Des petits projets aux plus ambitieux, nous sommes l\u00e0. <\/h3><div id=\"_rich_text-76-38\" class=\"oxy-rich-text text-to-btn-padding text-offset-text text-lvl-2\" ><p>Faites-le les yeux ferm\u00e9s. Notre \u00e9quipe professionnelle et d\u00e9vou\u00e9e prend en charge une multitude de t\u00e2ches d\u2019entretien, \u00e0 l\u2019ext\u00e9rieur comme \u00e0 l\u2019int\u00e9rieur, pour vous lib\u00e9rer.<\/p><\/div><a id=\"link-77-38\" class=\"ct-link cta-wrapper text-offset-cta\" href=\"https:\/\/solutionsmbg.com\/en\/a-propos\/notre-equipe\/\"   ><div id=\"text_block-78-38\" class=\"ct-text-block cta-text\" >D\u00e9couvrez notre entreprise<\/div><div id=\"code_block-79-38\" class=\"ct-code-block cta-icon\" >\n<svg xmlns=\"http:\/\/www.w3.org\/2000\/svg\" width=\"10\" height=\"18\" viewbox=\"0 0 10 18\" fill=\"none\">\n  <path d=\"M1.07104 1.85791L8.14211 8.92898L1.07104 16\" stroke=\"black\" stroke-width=\"3\" stroke-linejoin=\"round\"\/>\n<\/svg><\/div><\/a><\/div><\/div><\/section><\/div><div id=\"div_block-17-38\" class=\"ct-div-block ss\" ><section id=\"section-18-38\" class=\"ct-section\" ><div class=\"ct-section-inner-wrap\"><div id=\"div_block-19-38\" class=\"ct-div-block ss-wrapper\" ><div id=\"div_block-20-38\" class=\"ct-div-block ss-ctn\" ><div id=\"div_block-94-38\" class=\"ct-div-block ss-content\" ><h3 id=\"headline-22-38\" class=\"ct-headline ss-title h3-padding\">Des carri\u00e8res stimulantes sur le terrain<\/h3><div id=\"text_block-24-38\" class=\"ct-text-block ss-text text-to-btn-padding text-lvl-2\" >Entreprise bien \u00e9tablie et grandissante, Solutions MBG propose des emplois stimulants au c\u0153ur de l\u2019action. D\u00e9couvrez les avantages d\u2019\u00e9voluer au sein de nos \u00e9quipes. <\/div><div id=\"div_block-26-38\" class=\"ct-div-block ss-btn-ctn\" ><a id=\"link_button-27-38\" class=\"ct-link-button btn btn-black btn-not-cap btn-lvl-1\" href=\"https:\/\/solutionsmbg.com\/en\/carrieres\/\"   >Voir les emplois disponibles<\/a><\/div><\/div><\/div><div id=\"div_block-21-38\" class=\"ct-div-block ss-ctn\" ><div id=\"div_block-97-38\" class=\"ct-div-block ss-content\" ><h3 id=\"headline-31-38\" class=\"ct-headline ss-title h3-padding -text-white\">Machinerie sp\u00e9cialis\u00e9e en location<\/h3><div id=\"text_block-32-38\" class=\"ct-text-block ss-text text-to-btn-padding -text-white text-lvl-2\" >Vous avez besoin de machinerie sp\u00e9cialis\u00e9e pour ex\u00e9cuter des travaux? Nous vous offrons un large inventaire de machines performantes en location, avec ou sans op\u00e9rateur. <\/div><div id=\"div_block-33-38\" class=\"ct-div-block ss-btn-ctn\" ><a id=\"link_button-35-38\" class=\"ct-link-button btn btn-outlined btn-not-cap -white btn-lvl-1\" href=\"https:\/\/solutionsmbg.com\/en\/machines-a-louer\/\"   >Louer nos machines<\/a><\/div><\/div><\/div><\/div><\/div><\/section><\/div><section id=\"section-41-38\" class=\"ct-section section-padding\" ><div class=\"ct-section-inner-wrap\"><h1 id=\"headline-42-38\" class=\"ct-headline h1-padding\">NOS PROJETS<\/h1><div id=\"div_block-44-38\" class=\"ct-div-block\" ><h4 id=\"headline-48-38\" class=\"ct-headline h3-padding\">Partout, nous faisons&nbsp;<br>une diff\u00e9rence<\/h4><div id=\"_rich_text-51-38\" class=\"oxy-rich-text text-to-btn-padding\" ><p>Chantiers de construction, immeubles locatifs, stationnements, places publiques, rues commer\u00e7antes, terrasses\u00a0: nos services d\u2019entretien et de nettoyage sp\u00e9cialis\u00e9 contribuent \u00e0 pr\u00e9server et embellir ces espaces. Voyez l\u2019\u00e9tendue de nos talents.<\/p><\/div><a id=\"link_button-52-38\" class=\"ct-link-button btn btn-black btn-lvl-1 btn-not-cap\" href=\"https:\/\/solutionsmbg.com\/en\/projets\/\"   >Voir nos projets<\/a><\/div>\n\t\t<div id=\"-ouacfg_slider-93-38\" class=\"oxy-ouacfg-slider oxy-ultimate-element ouacfg-slider-wrapper\" >\t\t\t<div data-slider-lightbox=\"no\" class=\"ouacfg-slider ouacfg-slider-ouacfg69fde0b01ea6d678985471 swiper-container ouacfg-navigation-inside\" data-sld-uid=\"ouacfg69fde0b01ea6d678985471\">\n\t\t\t\t<div class=\"swiper-wrapper auto-height-no\">\n\t\t\t\t\t\t\t\t\t\t<div class=\"swiper-slide ouacfg-slider-item\"> <!--ouacfg-slider-item-->\n\t\t\t\t\t\t\t\t\t\t\t\t\t\t\t\t\t\t\t<div class=\"ougsld-img ouacfg-slider-image-container\" style=\"background-image:url(https:\/\/solutionsmbg.com\/wp-content\/uploads\/2024\/02\/2023-09-00-Nettoyage-apres-construction-Nettoyage-de-cuisine-1.jpg)\"><\/div>\n\t\t\t\t\t\t\t\t\t\t\t\t\n\t\t\t\t\t\t\n\t\t\t\t\t\t\t\t\t\t\t<\/div>\n\t\t\t\t\t\t\t\t\t\t<div class=\"swiper-slide ouacfg-slider-item\"> <!--ouacfg-slider-item-->\n\t\t\t\t\t\t\t\t\t\t\t\t\t\t\t\t\t\t\t<div class=\"ougsld-img ouacfg-slider-image-container\" style=\"background-image:url(https:\/\/solutionsmbg.com\/wp-content\/uploads\/2024\/02\/2019-11-29-Nettoyage-apres-construction-Nettoyage-de-vitre-exterieur.jpeg)\"><\/div>\n\t\t\t\t\t\t\t\t\t\t\t\t\n\t\t\t\t\t\t\n\t\t\t\t\t\t\t\t\t\t\t<\/div>\n\t\t\t\t\t\t\t\t\t\t<div class=\"swiper-slide ouacfg-slider-item\"> <!--ouacfg-slider-item-->\n\t\t\t\t\t\t\t\t\t\t\t\t\t\t\t\t\t\t\t<div class=\"ougsld-img ouacfg-slider-image-container\" style=\"background-image:url(https:\/\/solutionsmbg.com\/wp-content\/uploads\/2024\/02\/2023-09-00-Entretien-paysager-6.jpg)\"><\/div>\n\t\t\t\t\t\t\t\t\t\t\t\t\n\t\t\t\t\t\t\n\t\t\t\t\t\t\t\t\t\t\t<\/div>\n\t\t\t\t\t\t\t\t\t\t<div class=\"swiper-slide ouacfg-slider-item\"> <!--ouacfg-slider-item-->\n\t\t\t\t\t\t\t\t\t\t\t\t\t\t\t\t\t\t\t<div class=\"ougsld-img ouacfg-slider-image-container\" style=\"background-image:url(https:\/\/solutionsmbg.com\/wp-content\/uploads\/2023\/10\/ProjetSpeciaux.jpg)\"><\/div>\n\t\t\t\t\t\t\t\t\t\t\t\t\n\t\t\t\t\t\t\n\t\t\t\t\t\t\t\t\t\t\t<\/div>\n\t\t\t\t\t\t\t\t\t\t<div class=\"swiper-slide ouacfg-slider-item\"> <!--ouacfg-slider-item-->\n\t\t\t\t\t\t\t\t\t\t\t\t\t\t\t\t\t\t\t<div class=\"ougsld-img ouacfg-slider-image-container\" style=\"background-image:url(https:\/\/solutionsmbg.com\/wp-content\/uploads\/2024\/02\/2022-03-25-Deneigement-Concours-Energie-98.9-Brian.jpg)\"><\/div>\n\t\t\t\t\t\t\t\t\t\t\t\t\n\t\t\t\t\t\t\n\t\t\t\t\t\t\t\t\t\t\t<\/div>\n\t\t\t\t\t\t\t\t\t<\/div>\n\n\t\t\t\t\t\t\t\t\t\t\t\t\t\t\t\t<\/div>\n\n\t\t\t\t\t\t\t\n\t\t\t<\/div>\n\n\t\t<\/div><\/section><div id=\"code_block-53-38\" class=\"ct-code-block\" ><\/div><div id=\"code_block-204-711\" class=\"ct-code-block\" ><\/div><section id=\"section-199-711\" class=\"ct-section\" ><div class=\"ct-section-inner-wrap\"><h2 id=\"headline-206-711\" class=\"ct-headline h1-padding\">T\u00e9moignages des clients <\/h2>\n\t\t<div id=\"-ou_content_slider-2-708\" class=\"oxy-ou-content-slider oxy-ultimate-element\" ><div class=\"ou-content-slider-wrapper oucntsld-69fde0b02121e218025742 slider-pagination-outside swiper-container oxy-inner-contentedit\" data-builder-preview=\"edit\" data-sldid=\"oucntsld-69fde0b02121e218025742\" data-slider-source=\"repeater\" data-slider-type=\"carousel\" data-slider-effect=\"slide\" data-slider-centered=\"yes\" data-slider-autoheight=\"yes\" data-columns=\"3\" data-columns-tablet=\"2\" data-columns-landscape=\"2\" data-columns-portrait=\"1\" data-rows=\"1\" data-rows-tablet=\"1\" data-rows-landscape=\"1\" data-rows-portrait=\"1\" data-sts=\"1\" data-sts-tablet=\"1\" data-sts-landscape=\"1\" data-sts-portrait=\"1\" data-spb=\"15\" data-spb-tablet=\"15\" data-spb-landscape=\"15\" data-spb-portrait=\"15\" data-pagination=\"none\" data-dynamicbullets=\"no\" data-loop=\"yes\" data-pauseonhover=\"yes\" data-poninteraction=\"yes\" data-speed=\"2000\" data-autoplay=\"yes\" data-autoplay-speed=\"5000\"><div id=\"_dynamic_list-3-708\" class=\"oxy-dynamic-list\">                    \n                                            \n                                        \n                    <\/div>\n<\/div>\t\t\t\t\t\t\t<div class=\"ou-swiper-button ou-swiper-button-prev\">\n\t\t\t\t\t<svg><use xlink:href=\"#Lineariconsicon-chevron-left\"><\/use><\/svg>\n\t\t\t\t<\/div>\n\t\t\t\t<svg xmlns=\"http:\/\/www.w3.org\/2000\/svg\" xmlns:xlink=\"http:\/\/www.w3.org\/1999\/xlink\" style=\"position: absolute; width: 0; height: 0; overflow: hidden;\" version=\"1.1\"><defs><symbol id=\"Lineariconsicon-chevron-left\" viewbox=\"0 0 20 20\"><title>chevron-left<\/title><path class=\"path1\" d=\"M14 20c0.128 0 0.256-0.049 0.354-0.146 0.195-0.195 0.195-0.512 0-0.707l-8.646-8.646 8.646-8.646c0.195-0.195 0.195-0.512 0-0.707s-0.512-0.195-0.707 0l-9 9c-0.195 0.195-0.195 0.512 0 0.707l9 9c0.098 0.098 0.226 0.146 0.354 0.146z\"\/><\/symbol><\/defs><\/svg>\n\t\t\t\t\t\t\t<div class=\"ou-swiper-button ou-swiper-button-next\"><svg><use xlink:href=\"#Lineariconsicon-chevron-right\"><\/use><\/svg><\/div>\n\n\t\t\t\t<svg xmlns=\"http:\/\/www.w3.org\/2000\/svg\" xmlns:xlink=\"http:\/\/www.w3.org\/1999\/xlink\" style=\"position: absolute; width: 0; height: 0; overflow: hidden;\" version=\"1.1\"><defs><symbol id=\"Lineariconsicon-chevron-right\" viewbox=\"0 0 20 20\"><title>chevron-right<\/title><path class=\"path1\" d=\"M5 20c-0.128 0-0.256-0.049-0.354-0.146-0.195-0.195-0.195-0.512 0-0.707l8.646-8.646-8.646-8.646c-0.195-0.195-0.195-0.512 0-0.707s0.512-0.195 0.707 0l9 9c0.195 0.195 0.195 0.512 0 0.707l-9 9c-0.098 0.098-0.226 0.146-0.354 0.146z\"\/><\/symbol><\/defs><\/svg>\n\t\t\t\t\t<\/div>\n\n\t\t<\/div><\/section>","protected":false},"excerpt":{"rendered":"","protected":false},"author":1,"featured_media":0,"parent":0,"menu_order":0,"comment_status":"closed","ping_status":"closed","template":"","meta":{"_acf_changed":false,"inline_featured_image":false,"footnotes":""},"class_list":["post-38","page","type-page","status-publish","hentry"],"acf":[],"yoast_head":"<!-- This site is optimized with the Yoast SEO plugin v22.0 - https:\/\/yoast.com\/wordpress\/plugins\/seo\/ -->\n<title>Solutions MBG - Votre partenaire en nettoyage et entretien<\/title>\n<meta name=\"description\" content=\"Nos services d\u2019entretien et de nettoyage sp\u00e9cialis\u00e9 contribuent \u00e0 pr\u00e9server et embellir vos espaces. Voyez l\u2019\u00e9tendue de nos talents.\" \/>\n<meta name=\"robots\" content=\"index, follow, max-snippet:-1, max-image-preview:large, max-video-preview:-1\" \/>\n<link rel=\"canonical\" href=\"https:\/\/solutionsmbg.com\/en\/\" \/>\n<meta property=\"og:locale\" content=\"en_US\" \/>\n<meta property=\"og:type\" content=\"article\" \/>\n<meta property=\"og:title\" content=\"Solutions MBG - Votre partenaire en nettoyage et entretien\" \/>\n<meta property=\"og:description\" content=\"Nos services d\u2019entretien et de nettoyage sp\u00e9cialis\u00e9 contribuent \u00e0 pr\u00e9server et embellir vos espaces. Voyez l\u2019\u00e9tendue de nos talents.\" \/>\n<meta property=\"og:url\" content=\"https:\/\/solutionsmbg.com\/en\/\" \/>\n<meta property=\"og:site_name\" content=\"Solutions MBG\" \/>\n<meta property=\"article:publisher\" content=\"https:\/\/www.facebook.com\/SolutionsMBG\/\" \/>\n<meta property=\"article:modified_time\" content=\"2024-03-05T14:22:54+00:00\" \/>\n<meta property=\"og:image\" content=\"https:\/\/solutionsmbg.com\/wp-content\/uploads\/2023\/08\/EntretienExterieur.jpg\" \/>\n\t<meta property=\"og:image:width\" content=\"2048\" \/>\n\t<meta property=\"og:image:height\" content=\"1365\" \/>\n\t<meta property=\"og:image:type\" content=\"image\/jpeg\" \/>\n<meta name=\"twitter:card\" content=\"summary_large_image\" \/>\n<meta name=\"twitter:label1\" content=\"Est. reading time\" \/>\n\t<meta name=\"twitter:data1\" content=\"2 minutes\" \/>\n<script type=\"application\/ld+json\" class=\"yoast-schema-graph\">{\"@context\":\"https:\/\/schema.org\",\"@graph\":[{\"@type\":\"WebPage\",\"@id\":\"https:\/\/solutionsmbg.com\/\",\"url\":\"https:\/\/solutionsmbg.com\/\",\"name\":\"Solutions MBG - Votre partenaire en nettoyage et entretien\",\"isPartOf\":{\"@id\":\"https:\/\/solutionsmbg.com\/#website\"},\"datePublished\":\"2023-07-27T13:20:40+00:00\",\"dateModified\":\"2024-03-05T14:22:54+00:00\",\"description\":\"Nos services d\u2019entretien et de nettoyage sp\u00e9cialis\u00e9 contribuent \u00e0 pr\u00e9server et embellir vos espaces. Voyez l\u2019\u00e9tendue de nos talents.\",\"breadcrumb\":{\"@id\":\"https:\/\/solutionsmbg.com\/#breadcrumb\"},\"inLanguage\":\"en-CA\",\"potentialAction\":[{\"@type\":\"ReadAction\",\"target\":[\"https:\/\/solutionsmbg.com\/\"]}]},{\"@type\":\"BreadcrumbList\",\"@id\":\"https:\/\/solutionsmbg.com\/#breadcrumb\",\"itemListElement\":[{\"@type\":\"ListItem\",\"position\":1,\"name\":\"Home\",\"item\":\"https:\/\/solutionsmbg.com\/\"},{\"@type\":\"ListItem\",\"position\":2,\"name\":\"Accueil\"}]},{\"@type\":\"WebSite\",\"@id\":\"https:\/\/solutionsmbg.com\/#website\",\"url\":\"https:\/\/solutionsmbg.com\/\",\"name\":\"Solutions MBG\",\"description\":\"Solutions MBG, votre partenaire en nettoyage et entretien\",\"publisher\":{\"@id\":\"https:\/\/solutionsmbg.com\/#organization\"},\"potentialAction\":[{\"@type\":\"SearchAction\",\"target\":{\"@type\":\"EntryPoint\",\"urlTemplate\":\"https:\/\/solutionsmbg.com\/?s={search_term_string}\"},\"query-input\":\"required name=search_term_string\"}],\"inLanguage\":\"en-CA\"},{\"@type\":\"Organization\",\"@id\":\"https:\/\/solutionsmbg.com\/#organization\",\"name\":\"Solutions MBG\",\"url\":\"https:\/\/solutionsmbg.com\/\",\"logo\":{\"@type\":\"ImageObject\",\"inLanguage\":\"en-CA\",\"@id\":\"https:\/\/solutionsmbg.com\/#\/schema\/logo\/image\/\",\"url\":\"https:\/\/solutionsmbg.com\/wp-content\/uploads\/2023\/12\/favicon.png\",\"contentUrl\":\"https:\/\/solutionsmbg.com\/wp-content\/uploads\/2023\/12\/favicon.png\",\"width\":500,\"height\":500,\"caption\":\"Solutions MBG\"},\"image\":{\"@id\":\"https:\/\/solutionsmbg.com\/#\/schema\/logo\/image\/\"},\"sameAs\":[\"https:\/\/www.facebook.com\/SolutionsMBG\/\",\"https:\/\/www.instagram.com\/solutionsmbg\/\"]}]}<\/script>\n<!-- \/ Yoast SEO plugin. -->","yoast_head_json":{"title":"Solutions MBG - Votre partenaire en nettoyage et entretien","description":"Nos services d\u2019entretien et de nettoyage sp\u00e9cialis\u00e9 contribuent \u00e0 pr\u00e9server et embellir vos espaces. Voyez l\u2019\u00e9tendue de nos talents.","robots":{"index":"index","follow":"follow","max-snippet":"max-snippet:-1","max-image-preview":"max-image-preview:large","max-video-preview":"max-video-preview:-1"},"canonical":"https:\/\/solutionsmbg.com\/en\/","og_locale":"en_US","og_type":"article","og_title":"Solutions MBG - Votre partenaire en nettoyage et entretien","og_description":"Nos services d\u2019entretien et de nettoyage sp\u00e9cialis\u00e9 contribuent \u00e0 pr\u00e9server et embellir vos espaces. Voyez l\u2019\u00e9tendue de nos talents.","og_url":"https:\/\/solutionsmbg.com\/en\/","og_site_name":"Solutions MBG","article_publisher":"https:\/\/www.facebook.com\/SolutionsMBG\/","article_modified_time":"2024-03-05T14:22:54+00:00","og_image":[{"width":2048,"height":1365,"url":"https:\/\/solutionsmbg.com\/wp-content\/uploads\/2023\/08\/EntretienExterieur.jpg","type":"image\/jpeg"}],"twitter_card":"summary_large_image","twitter_misc":{"Est. reading time":"2 minutes"},"schema":{"@context":"https:\/\/schema.org","@graph":[{"@type":"WebPage","@id":"https:\/\/solutionsmbg.com\/","url":"https:\/\/solutionsmbg.com\/","name":"Solutions MBG - Votre partenaire en nettoyage et entretien","isPartOf":{"@id":"https:\/\/solutionsmbg.com\/#website"},"datePublished":"2023-07-27T13:20:40+00:00","dateModified":"2024-03-05T14:22:54+00:00","description":"Nos services d\u2019entretien et de nettoyage sp\u00e9cialis\u00e9 contribuent \u00e0 pr\u00e9server et embellir vos espaces. Voyez l\u2019\u00e9tendue de nos talents.","breadcrumb":{"@id":"https:\/\/solutionsmbg.com\/#breadcrumb"},"inLanguage":"en-CA","potentialAction":[{"@type":"ReadAction","target":["https:\/\/solutionsmbg.com\/"]}]},{"@type":"BreadcrumbList","@id":"https:\/\/solutionsmbg.com\/#breadcrumb","itemListElement":[{"@type":"ListItem","position":1,"name":"Home","item":"https:\/\/solutionsmbg.com\/"},{"@type":"ListItem","position":2,"name":"Accueil"}]},{"@type":"WebSite","@id":"https:\/\/solutionsmbg.com\/#website","url":"https:\/\/solutionsmbg.com\/","name":"Solutions MBG","description":"Solutions MBG, votre partenaire en nettoyage et entretien","publisher":{"@id":"https:\/\/solutionsmbg.com\/#organization"},"potentialAction":[{"@type":"SearchAction","target":{"@type":"EntryPoint","urlTemplate":"https:\/\/solutionsmbg.com\/?s={search_term_string}"},"query-input":"required name=search_term_string"}],"inLanguage":"en-CA"},{"@type":"Organization","@id":"https:\/\/solutionsmbg.com\/#organization","name":"Solutions MBG","url":"https:\/\/solutionsmbg.com\/","logo":{"@type":"ImageObject","inLanguage":"en-CA","@id":"https:\/\/solutionsmbg.com\/#\/schema\/logo\/image\/","url":"https:\/\/solutionsmbg.com\/wp-content\/uploads\/2023\/12\/favicon.png","contentUrl":"https:\/\/solutionsmbg.com\/wp-content\/uploads\/2023\/12\/favicon.png","width":500,"height":500,"caption":"Solutions MBG"},"image":{"@id":"https:\/\/solutionsmbg.com\/#\/schema\/logo\/image\/"},"sameAs":["https:\/\/www.facebook.com\/SolutionsMBG\/","https:\/\/www.instagram.com\/solutionsmbg\/"]}]}},"_links":{"self":[{"href":"https:\/\/solutionsmbg.com\/en\/wp-json\/wp\/v2\/pages\/38","targetHints":{"allow":["GET"]}}],"collection":[{"href":"https:\/\/solutionsmbg.com\/en\/wp-json\/wp\/v2\/pages"}],"about":[{"href":"https:\/\/solutionsmbg.com\/en\/wp-json\/wp\/v2\/types\/page"}],"author":[{"embeddable":true,"href":"https:\/\/solutionsmbg.com\/en\/wp-json\/wp\/v2\/users\/1"}],"replies":[{"embeddable":true,"href":"https:\/\/solutionsmbg.com\/en\/wp-json\/wp\/v2\/comments?post=38"}],"version-history":[{"count":3,"href":"https:\/\/solutionsmbg.com\/en\/wp-json\/wp\/v2\/pages\/38\/revisions"}],"predecessor-version":[{"id":724,"href":"https:\/\/solutionsmbg.com\/en\/wp-json\/wp\/v2\/pages\/38\/revisions\/724"}],"wp:attachment":[{"href":"https:\/\/solutionsmbg.com\/en\/wp-json\/wp\/v2\/media?parent=38"}],"curies":[{"name":"wp","href":"https:\/\/api.w.org\/{rel}","templated":true}]}}