{"id":36,"date":"2023-07-27T13:20:31","date_gmt":"2023-07-27T13:20:31","guid":{"rendered":"https:\/\/solutionsmbg.com\/?page_id=36"},"modified":"2024-03-05T14:22:59","modified_gmt":"2024-03-05T14:22:59","slug":"services","status":"publish","type":"page","link":"https:\/\/solutionsmbg.com\/en\/services\/","title":{"rendered":"Services"},"content":{"rendered":"<section id=\"section-28-36\" class=\"ct-section text-offset-right\" ><div class=\"ct-section-inner-wrap\"><div id=\"div_block-47-36\" class=\"ct-div-block section-padding-top\" ><h1 id=\"headline-35-36\" class=\"ct-headline h1-padding\"><span id=\"span-37-36\" class=\"ct-span\" >Services<\/span><\/h1><div id=\"div_block-29-36\" class=\"ct-div-block text-offset-right-ctn\" ><div id=\"_rich_text-31-36\" class=\"oxy-rich-text text-to-btn-padding text-offset-text\" ><p>Solutions MBG vous aide \u00e0 pr\u00e9server vos espaces commerciaux en \u00e9tat, que ce soit pour une corv\u00e9e ponctuelle ou un projet sur mesure. Voici un aper\u00e7u de ce que nos \u00e9quipes peuvent faire pour vous.<\/p><\/div><\/div><\/div><\/div><\/section><div id=\"div_block-160-36\" class=\"ct-div-block\" ><img decoding=\"async\"  id=\"image-154-36\" alt=\"\" src=\"https:\/\/solutionsmbg.com\/wp-content\/uploads\/2024\/01\/logo-services-1.svg\" class=\"ct-image\" srcset-disabled=\"\" sizes=\"(max-width: 1px) 100vw, 1px\" \/><section id=\"section-52-36\" class=\"ct-section text-offset-right section-padding-bottom\" ><div class=\"ct-section-inner-wrap\"><div id=\"div_block-53-36\" class=\"ct-div-block\" ><div id=\"div_block-56-36\" class=\"ct-div-block text-offset-right-ctn\" ><div id=\"_dynamic_list-8-36\" class=\"oxy-dynamic-list services-list\"><div id=\"div_block-9-36-1\" class=\"ct-div-block service-item\" data-id=\"div_block-9-36\"><a id=\"link-17-36-1\" class=\"ct-link\" href=\"https:\/\/solutionsmbg.com\/en\/service\/nettoyage-apres-construction\/\" target=\"_self\" data-id=\"link-17-36\"><div id=\"div_block-118-36-1\" class=\"ct-div-block service-img\" style=\"background-image:url();background-size: cover;\" data-id=\"div_block-118-36\"><\/div><h4 id=\"headline-13-36-1\" class=\"ct-headline\" data-id=\"headline-13-36\"><span id=\"span-18-36\" class=\"ct-span\" >Nettoyage apr\u00e8s construction<\/span><\/h4><\/a><\/div><div id=\"div_block-9-36-2\" class=\"ct-div-block service-item\" data-id=\"div_block-9-36\"><a id=\"link-17-36-2\" class=\"ct-link\" href=\"https:\/\/solutionsmbg.com\/en\/service\/nettoyage-et-desinfection-de-roulottes-de-chantier\/\" target=\"_self\" data-id=\"link-17-36\"><div id=\"div_block-118-36-2\" class=\"ct-div-block service-img\" style=\"background-image:url();background-size: cover;\" data-id=\"div_block-118-36\"><\/div><h4 id=\"headline-13-36-2\" class=\"ct-headline\" data-id=\"headline-13-36\"><span id=\"span-18-36\" class=\"ct-span\" >Nettoyage et d\u00e9sinfection de roulottes de chantier<\/span><\/h4><\/a><\/div><div id=\"div_block-9-36-3\" class=\"ct-div-block service-item\" data-id=\"div_block-9-36\"><a id=\"link-17-36-3\" class=\"ct-link\" href=\"https:\/\/solutionsmbg.com\/en\/service\/deneigement\/\" target=\"_self\" data-id=\"link-17-36\"><div id=\"div_block-118-36-3\" class=\"ct-div-block service-img\" style=\"background-image:url();background-size: cover;\" data-id=\"div_block-118-36\"><\/div><h4 id=\"headline-13-36-3\" class=\"ct-headline\" data-id=\"headline-13-36\"><span id=\"span-18-36\" class=\"ct-span\" >D\u00e9neigement<\/span><\/h4><\/a><\/div><div id=\"div_block-9-36-4\" class=\"ct-div-block service-item\" data-id=\"div_block-9-36\"><a id=\"link-17-36-4\" class=\"ct-link\" href=\"https:\/\/solutionsmbg.com\/en\/service\/entretien-exterieur\/\" target=\"_self\" data-id=\"link-17-36\"><div id=\"div_block-118-36-4\" class=\"ct-div-block service-img\" style=\"background-image:url();background-size: cover;\" data-id=\"div_block-118-36\"><\/div><h4 id=\"headline-13-36-4\" class=\"ct-headline\" data-id=\"headline-13-36\"><span id=\"span-18-36\" class=\"ct-span\" >Entretien estival<\/span><\/h4><\/a><\/div><div id=\"div_block-9-36-5\" class=\"ct-div-block service-item\" data-id=\"div_block-9-36\"><a id=\"link-17-36-5\" class=\"ct-link\" href=\"https:\/\/solutionsmbg.com\/en\/service\/fertilisation\/\" target=\"_self\" data-id=\"link-17-36\"><div id=\"div_block-118-36-5\" class=\"ct-div-block service-img\" style=\"background-image:url();background-size: cover;\" data-id=\"div_block-118-36\"><\/div><h4 id=\"headline-13-36-5\" class=\"ct-headline\" data-id=\"headline-13-36\"><span id=\"span-18-36\" class=\"ct-span\" >Fertilisation<\/span><\/h4><\/a><\/div><div id=\"div_block-9-36-6\" class=\"ct-div-block service-item\" data-id=\"div_block-9-36\"><a id=\"link-17-36-6\" class=\"ct-link\" href=\"https:\/\/solutionsmbg.com\/en\/service\/nettoyage-de-stationnement\/\" target=\"_self\" data-id=\"link-17-36\"><div id=\"div_block-118-36-6\" class=\"ct-div-block service-img\" style=\"background-image:url();background-size: cover;\" data-id=\"div_block-118-36\"><\/div><h4 id=\"headline-13-36-6\" class=\"ct-headline\" data-id=\"headline-13-36\"><span id=\"span-18-36\" class=\"ct-span\" >Nettoyage de stationnement<\/span><\/h4><\/a><\/div><div id=\"div_block-9-36-7\" class=\"ct-div-block service-item\" data-id=\"div_block-9-36\"><a id=\"link-17-36-7\" class=\"ct-link\" href=\"https:\/\/solutionsmbg.com\/en\/service\/projets-speciaux\/\" target=\"_self\" data-id=\"link-17-36\"><div id=\"div_block-118-36-7\" class=\"ct-div-block service-img\" style=\"background-image:url();background-size: cover;\" data-id=\"div_block-118-36\"><\/div><h4 id=\"headline-13-36-7\" class=\"ct-headline\" data-id=\"headline-13-36\"><span id=\"span-18-36\" class=\"ct-span\" >Projets sp\u00e9ciaux<\/span><\/h4><\/a><\/div>                    \n                                            \n                                        \n                    <\/div>\n<\/div><\/div><\/div><\/section><section id=\"section-65-36\" class=\"ct-section\" ><div class=\"ct-section-inner-wrap\"><h3 id=\"headline-66-36\" class=\"ct-headline h3-padding cta-section-title\">Notre approche personnalis\u00e9e pour vos projets sur mesure<\/h3><div id=\"_rich_text-70-36\" class=\"oxy-rich-text text-to-btn-padding\" ><p>Notre force, c\u2019est de vous proposer des solutions flexibles et sur mesure, selon les besoins de votre entreprise, commerce ou industrie. Discutez des possibilit\u00e9s avec notre \u00e9quipe.<\/p><\/div><a id=\"link_button-71-36\" class=\"ct-link-button btn btn-black soumission btn-lvl-1 btn-not-cap\" href=\"http:\/\/\" target=\"_self\"  >Demander une soumission<\/a><\/div><\/section><\/div><div id=\"code_block-82-36\" class=\"ct-code-block\" ><\/div>","protected":false},"excerpt":{"rendered":"","protected":false},"author":1,"featured_media":0,"parent":0,"menu_order":0,"comment_status":"closed","ping_status":"closed","template":"","meta":{"_acf_changed":false,"inline_featured_image":false,"footnotes":""},"class_list":["post-36","page","type-page","status-publish","hentry"],"acf":[],"yoast_head":"<!-- This site is optimized with the Yoast SEO plugin v22.0 - https:\/\/yoast.com\/wordpress\/plugins\/seo\/ -->\n<title>Services - Solutions MBG<\/title>\n<meta name=\"robots\" content=\"index, follow, max-snippet:-1, max-image-preview:large, max-video-preview:-1\" \/>\n<link rel=\"canonical\" href=\"https:\/\/solutionsmbg.com\/en\/services\/\" \/>\n<meta property=\"og:locale\" content=\"en_US\" \/>\n<meta property=\"og:type\" content=\"article\" \/>\n<meta property=\"og:title\" content=\"Services - Solutions MBG\" \/>\n<meta property=\"og:url\" content=\"https:\/\/solutionsmbg.com\/en\/services\/\" \/>\n<meta property=\"og:site_name\" content=\"Solutions MBG\" \/>\n<meta property=\"article:publisher\" content=\"https:\/\/www.facebook.com\/SolutionsMBG\/\" \/>\n<meta property=\"article:modified_time\" content=\"2024-03-05T14:22:59+00:00\" \/>\n<meta property=\"og:image\" content=\"https:\/\/solutionsmbg.com\/wp-content\/uploads\/2023\/08\/EntretienExterieur.jpg\" \/>\n\t<meta property=\"og:image:width\" content=\"2048\" \/>\n\t<meta property=\"og:image:height\" content=\"1365\" \/>\n\t<meta property=\"og:image:type\" content=\"image\/jpeg\" \/>\n<meta name=\"twitter:card\" content=\"summary_large_image\" \/>\n<meta name=\"twitter:label1\" content=\"Est. reading time\" \/>\n\t<meta name=\"twitter:data1\" content=\"1 minute\" \/>\n<script type=\"application\/ld+json\" class=\"yoast-schema-graph\">{\"@context\":\"https:\/\/schema.org\",\"@graph\":[{\"@type\":\"WebPage\",\"@id\":\"https:\/\/solutionsmbg.com\/services\/\",\"url\":\"https:\/\/solutionsmbg.com\/services\/\",\"name\":\"Services - Solutions MBG\",\"isPartOf\":{\"@id\":\"https:\/\/solutionsmbg.com\/#website\"},\"datePublished\":\"2023-07-27T13:20:31+00:00\",\"dateModified\":\"2024-03-05T14:22:59+00:00\",\"breadcrumb\":{\"@id\":\"https:\/\/solutionsmbg.com\/services\/#breadcrumb\"},\"inLanguage\":\"en-CA\",\"potentialAction\":[{\"@type\":\"ReadAction\",\"target\":[\"https:\/\/solutionsmbg.com\/services\/\"]}]},{\"@type\":\"BreadcrumbList\",\"@id\":\"https:\/\/solutionsmbg.com\/services\/#breadcrumb\",\"itemListElement\":[{\"@type\":\"ListItem\",\"position\":1,\"name\":\"Home\",\"item\":\"https:\/\/solutionsmbg.com\/\"},{\"@type\":\"ListItem\",\"position\":2,\"name\":\"Services\"}]},{\"@type\":\"WebSite\",\"@id\":\"https:\/\/solutionsmbg.com\/#website\",\"url\":\"https:\/\/solutionsmbg.com\/\",\"name\":\"Solutions MBG\",\"description\":\"Solutions MBG, votre partenaire en nettoyage et entretien\",\"publisher\":{\"@id\":\"https:\/\/solutionsmbg.com\/#organization\"},\"potentialAction\":[{\"@type\":\"SearchAction\",\"target\":{\"@type\":\"EntryPoint\",\"urlTemplate\":\"https:\/\/solutionsmbg.com\/?s={search_term_string}\"},\"query-input\":\"required name=search_term_string\"}],\"inLanguage\":\"en-CA\"},{\"@type\":\"Organization\",\"@id\":\"https:\/\/solutionsmbg.com\/#organization\",\"name\":\"Solutions MBG\",\"url\":\"https:\/\/solutionsmbg.com\/\",\"logo\":{\"@type\":\"ImageObject\",\"inLanguage\":\"en-CA\",\"@id\":\"https:\/\/solutionsmbg.com\/#\/schema\/logo\/image\/\",\"url\":\"https:\/\/solutionsmbg.com\/wp-content\/uploads\/2023\/12\/favicon.png\",\"contentUrl\":\"https:\/\/solutionsmbg.com\/wp-content\/uploads\/2023\/12\/favicon.png\",\"width\":500,\"height\":500,\"caption\":\"Solutions MBG\"},\"image\":{\"@id\":\"https:\/\/solutionsmbg.com\/#\/schema\/logo\/image\/\"},\"sameAs\":[\"https:\/\/www.facebook.com\/SolutionsMBG\/\",\"https:\/\/www.instagram.com\/solutionsmbg\/\"]}]}<\/script>\n<!-- \/ Yoast SEO plugin. -->","yoast_head_json":{"title":"Services - Solutions MBG","robots":{"index":"index","follow":"follow","max-snippet":"max-snippet:-1","max-image-preview":"max-image-preview:large","max-video-preview":"max-video-preview:-1"},"canonical":"https:\/\/solutionsmbg.com\/en\/services\/","og_locale":"en_US","og_type":"article","og_title":"Services - Solutions MBG","og_url":"https:\/\/solutionsmbg.com\/en\/services\/","og_site_name":"Solutions MBG","article_publisher":"https:\/\/www.facebook.com\/SolutionsMBG\/","article_modified_time":"2024-03-05T14:22:59+00:00","og_image":[{"width":2048,"height":1365,"url":"https:\/\/solutionsmbg.com\/wp-content\/uploads\/2023\/08\/EntretienExterieur.jpg","type":"image\/jpeg"}],"twitter_card":"summary_large_image","twitter_misc":{"Est. reading time":"1 minute"},"schema":{"@context":"https:\/\/schema.org","@graph":[{"@type":"WebPage","@id":"https:\/\/solutionsmbg.com\/services\/","url":"https:\/\/solutionsmbg.com\/services\/","name":"Services - Solutions MBG","isPartOf":{"@id":"https:\/\/solutionsmbg.com\/#website"},"datePublished":"2023-07-27T13:20:31+00:00","dateModified":"2024-03-05T14:22:59+00:00","breadcrumb":{"@id":"https:\/\/solutionsmbg.com\/services\/#breadcrumb"},"inLanguage":"en-CA","potentialAction":[{"@type":"ReadAction","target":["https:\/\/solutionsmbg.com\/services\/"]}]},{"@type":"BreadcrumbList","@id":"https:\/\/solutionsmbg.com\/services\/#breadcrumb","itemListElement":[{"@type":"ListItem","position":1,"name":"Home","item":"https:\/\/solutionsmbg.com\/"},{"@type":"ListItem","position":2,"name":"Services"}]},{"@type":"WebSite","@id":"https:\/\/solutionsmbg.com\/#website","url":"https:\/\/solutionsmbg.com\/","name":"Solutions MBG","description":"Solutions MBG, votre partenaire en nettoyage et entretien","publisher":{"@id":"https:\/\/solutionsmbg.com\/#organization"},"potentialAction":[{"@type":"SearchAction","target":{"@type":"EntryPoint","urlTemplate":"https:\/\/solutionsmbg.com\/?s={search_term_string}"},"query-input":"required name=search_term_string"}],"inLanguage":"en-CA"},{"@type":"Organization","@id":"https:\/\/solutionsmbg.com\/#organization","name":"Solutions MBG","url":"https:\/\/solutionsmbg.com\/","logo":{"@type":"ImageObject","inLanguage":"en-CA","@id":"https:\/\/solutionsmbg.com\/#\/schema\/logo\/image\/","url":"https:\/\/solutionsmbg.com\/wp-content\/uploads\/2023\/12\/favicon.png","contentUrl":"https:\/\/solutionsmbg.com\/wp-content\/uploads\/2023\/12\/favicon.png","width":500,"height":500,"caption":"Solutions MBG"},"image":{"@id":"https:\/\/solutionsmbg.com\/#\/schema\/logo\/image\/"},"sameAs":["https:\/\/www.facebook.com\/SolutionsMBG\/","https:\/\/www.instagram.com\/solutionsmbg\/"]}]}},"_links":{"self":[{"href":"https:\/\/solutionsmbg.com\/en\/wp-json\/wp\/v2\/pages\/36","targetHints":{"allow":["GET"]}}],"collection":[{"href":"https:\/\/solutionsmbg.com\/en\/wp-json\/wp\/v2\/pages"}],"about":[{"href":"https:\/\/solutionsmbg.com\/en\/wp-json\/wp\/v2\/types\/page"}],"author":[{"embeddable":true,"href":"https:\/\/solutionsmbg.com\/en\/wp-json\/wp\/v2\/users\/1"}],"replies":[{"embeddable":true,"href":"https:\/\/solutionsmbg.com\/en\/wp-json\/wp\/v2\/comments?post=36"}],"version-history":[{"count":2,"href":"https:\/\/solutionsmbg.com\/en\/wp-json\/wp\/v2\/pages\/36\/revisions"}],"predecessor-version":[{"id":725,"href":"https:\/\/solutionsmbg.com\/en\/wp-json\/wp\/v2\/pages\/36\/revisions\/725"}],"wp:attachment":[{"href":"https:\/\/solutionsmbg.com\/en\/wp-json\/wp\/v2\/media?parent=36"}],"curies":[{"name":"wp","href":"https:\/\/api.w.org\/{rel}","templated":true}]}}